{"id":7993,"date":"2023-07-13T08:12:36","date_gmt":"2023-07-13T07:12:36","guid":{"rendered":"http:\/\/konzequent.gymnasium-konz.de\/?page_id=7993"},"modified":"2025-06-27T11:15:48","modified_gmt":"2025-06-27T10:15:48","slug":"projektwoche-juli-2023","status":"publish","type":"page","link":"https:\/\/konzequent.gymnasium-konz.de\/?page_id=7993","title":{"rendered":"Projektwoche 2023"},"content":{"rendered":"\n<p>Im Jahr 2023 feiert das Gymnasium Konz seinen 50. Geburtstag und <em><strong>KONZequent<\/strong> <\/em>wird zehn! Grund genug, w\u00e4hrend der Projektwoche im Juli 2023 das Bloggen erneut anzubieten. <\/p>\n\n\n\n<figure class=\"wp-block-image size-full\"><img loading=\"lazy\" decoding=\"async\" width=\"1920\" height=\"1080\" src=\"https:\/\/konzequent.gymnasium-konz.de\/wp-content\/uploads\/2023\/07\/Projektwoche.jpg\" alt=\"\" class=\"wp-image-7996\" srcset=\"https:\/\/konzequent.gymnasium-konz.de\/wp-content\/uploads\/2023\/07\/Projektwoche.jpg 1920w, https:\/\/konzequent.gymnasium-konz.de\/wp-content\/uploads\/2023\/07\/Projektwoche-300x169.jpg 300w, https:\/\/konzequent.gymnasium-konz.de\/wp-content\/uploads\/2023\/07\/Projektwoche-150x84.jpg 150w, https:\/\/konzequent.gymnasium-konz.de\/wp-content\/uploads\/2023\/07\/Projektwoche-768x432.jpg 768w, https:\/\/konzequent.gymnasium-konz.de\/wp-content\/uploads\/2023\/07\/Projektwoche-1536x864.jpg 1536w, https:\/\/konzequent.gymnasium-konz.de\/wp-content\/uploads\/2023\/07\/Projektwoche-107x60.jpg 107w, https:\/\/konzequent.gymnasium-konz.de\/wp-content\/uploads\/2023\/07\/Projektwoche-840x473.jpg 840w\" sizes=\"auto, (max-width: 1920px) 100vw, 1920px\" \/><\/figure>\n\n\n\n<p>Eine motivierte Gruppe aus zw\u00f6lf Sch\u00fcler:innen arbeitete an neuen Artikeln zu unterschiedlichsten Themenbereichen und dokumentierte ausgew\u00e4hlte Projekte. <\/p>\n\n\n\n<p>Die Projekttage starteten mit Input zur Projektarbeit und im Verlauf der drei Tage wurden anfallende Arbeiten in der Redaktion mit einem Kanban-Board organisiert. WordPress war schnell erkl\u00e4rt und die Themenauswahl und die Entscheidung f\u00fcr eine journalistische Textsorte konnte beginnen. Recherche, Faktencheck und Lektorat f\u00fcllten die Folgetage. Nach dem Endspurt am Freitag pr\u00e4sentiert sich KONZequent nun mit etlichen neuen Artikeln.<\/p>\n\n\n\n<figure class=\"wp-block-gallery has-nested-images columns-default is-cropped wp-block-gallery-1 is-layout-flex wp-block-gallery-is-layout-flex\">\n<figure class=\"wp-block-image size-full\"><img loading=\"lazy\" decoding=\"async\" width=\"2560\" height=\"1707\" data-id=\"8605\" src=\"https:\/\/konzequent.gymnasium-konz.de\/wp-content\/uploads\/2023\/07\/DSC_0313-2-scaled.jpg\" alt=\"\" class=\"wp-image-8605\" srcset=\"https:\/\/konzequent.gymnasium-konz.de\/wp-content\/uploads\/2023\/07\/DSC_0313-2-scaled.jpg 2560w, https:\/\/konzequent.gymnasium-konz.de\/wp-content\/uploads\/2023\/07\/DSC_0313-2-300x200.jpg 300w, https:\/\/konzequent.gymnasium-konz.de\/wp-content\/uploads\/2023\/07\/DSC_0313-2-150x100.jpg 150w, https:\/\/konzequent.gymnasium-konz.de\/wp-content\/uploads\/2023\/07\/DSC_0313-2-768x512.jpg 768w, https:\/\/konzequent.gymnasium-konz.de\/wp-content\/uploads\/2023\/07\/DSC_0313-2-1536x1024.jpg 1536w, https:\/\/konzequent.gymnasium-konz.de\/wp-content\/uploads\/2023\/07\/DSC_0313-2-2048x1365.jpg 2048w, https:\/\/konzequent.gymnasium-konz.de\/wp-content\/uploads\/2023\/07\/DSC_0313-2-90x60.jpg 90w, https:\/\/konzequent.gymnasium-konz.de\/wp-content\/uploads\/2023\/07\/DSC_0313-2-420x280.jpg 420w\" sizes=\"auto, (max-width: 2560px) 100vw, 2560px\" \/><\/figure>\n\n\n\n<figure class=\"wp-block-image size-full\"><img loading=\"lazy\" decoding=\"async\" width=\"2560\" height=\"1920\" data-id=\"8607\" src=\"https:\/\/konzequent.gymnasium-konz.de\/wp-content\/uploads\/2023\/07\/IMG_7073-scaled.jpg\" alt=\"\" class=\"wp-image-8607\" srcset=\"https:\/\/konzequent.gymnasium-konz.de\/wp-content\/uploads\/2023\/07\/IMG_7073-scaled.jpg 2560w, https:\/\/konzequent.gymnasium-konz.de\/wp-content\/uploads\/2023\/07\/IMG_7073-300x225.jpg 300w, https:\/\/konzequent.gymnasium-konz.de\/wp-content\/uploads\/2023\/07\/IMG_7073-150x113.jpg 150w, https:\/\/konzequent.gymnasium-konz.de\/wp-content\/uploads\/2023\/07\/IMG_7073-768x576.jpg 768w, https:\/\/konzequent.gymnasium-konz.de\/wp-content\/uploads\/2023\/07\/IMG_7073-1536x1152.jpg 1536w, https:\/\/konzequent.gymnasium-konz.de\/wp-content\/uploads\/2023\/07\/IMG_7073-2048x1536.jpg 2048w, https:\/\/konzequent.gymnasium-konz.de\/wp-content\/uploads\/2023\/07\/IMG_7073-80x60.jpg 80w\" sizes=\"auto, (max-width: 2560px) 100vw, 2560px\" \/><\/figure>\n\n\n\n<figure class=\"wp-block-image size-full\"><img loading=\"lazy\" decoding=\"async\" width=\"2560\" height=\"1707\" data-id=\"8604\" src=\"https:\/\/konzequent.gymnasium-konz.de\/wp-content\/uploads\/2023\/07\/DSC_0311-2-scaled.jpg\" alt=\"\" class=\"wp-image-8604\" srcset=\"https:\/\/konzequent.gymnasium-konz.de\/wp-content\/uploads\/2023\/07\/DSC_0311-2-scaled.jpg 2560w, https:\/\/konzequent.gymnasium-konz.de\/wp-content\/uploads\/2023\/07\/DSC_0311-2-300x200.jpg 300w, https:\/\/konzequent.gymnasium-konz.de\/wp-content\/uploads\/2023\/07\/DSC_0311-2-150x100.jpg 150w, https:\/\/konzequent.gymnasium-konz.de\/wp-content\/uploads\/2023\/07\/DSC_0311-2-768x512.jpg 768w, https:\/\/konzequent.gymnasium-konz.de\/wp-content\/uploads\/2023\/07\/DSC_0311-2-1536x1024.jpg 1536w, https:\/\/konzequent.gymnasium-konz.de\/wp-content\/uploads\/2023\/07\/DSC_0311-2-2048x1366.jpg 2048w, https:\/\/konzequent.gymnasium-konz.de\/wp-content\/uploads\/2023\/07\/DSC_0311-2-90x60.jpg 90w, https:\/\/konzequent.gymnasium-konz.de\/wp-content\/uploads\/2023\/07\/DSC_0311-2-420x280.jpg 420w\" sizes=\"auto, (max-width: 2560px) 100vw, 2560px\" \/><\/figure>\n\n\n\n<figure class=\"wp-block-image size-full\"><img loading=\"lazy\" decoding=\"async\" width=\"2560\" height=\"1707\" data-id=\"8602\" src=\"https:\/\/konzequent.gymnasium-konz.de\/wp-content\/uploads\/2023\/07\/DSC_0309-2-scaled.jpg\" alt=\"\" class=\"wp-image-8602\" srcset=\"https:\/\/konzequent.gymnasium-konz.de\/wp-content\/uploads\/2023\/07\/DSC_0309-2-scaled.jpg 2560w, https:\/\/konzequent.gymnasium-konz.de\/wp-content\/uploads\/2023\/07\/DSC_0309-2-300x200.jpg 300w, https:\/\/konzequent.gymnasium-konz.de\/wp-content\/uploads\/2023\/07\/DSC_0309-2-150x100.jpg 150w, https:\/\/konzequent.gymnasium-konz.de\/wp-content\/uploads\/2023\/07\/DSC_0309-2-768x512.jpg 768w, https:\/\/konzequent.gymnasium-konz.de\/wp-content\/uploads\/2023\/07\/DSC_0309-2-1536x1024.jpg 1536w, https:\/\/konzequent.gymnasium-konz.de\/wp-content\/uploads\/2023\/07\/DSC_0309-2-2048x1366.jpg 2048w, https:\/\/konzequent.gymnasium-konz.de\/wp-content\/uploads\/2023\/07\/DSC_0309-2-90x60.jpg 90w, https:\/\/konzequent.gymnasium-konz.de\/wp-content\/uploads\/2023\/07\/DSC_0309-2-420x280.jpg 420w\" sizes=\"auto, (max-width: 2560px) 100vw, 2560px\" \/><\/figure>\n\n\n\n<figure class=\"wp-block-image size-full\"><img loading=\"lazy\" decoding=\"async\" width=\"2560\" height=\"1706\" data-id=\"8601\" src=\"https:\/\/konzequent.gymnasium-konz.de\/wp-content\/uploads\/2023\/07\/20230712_102446-2-scaled.jpg\" alt=\"\" class=\"wp-image-8601\" srcset=\"https:\/\/konzequent.gymnasium-konz.de\/wp-content\/uploads\/2023\/07\/20230712_102446-2-scaled.jpg 2560w, https:\/\/konzequent.gymnasium-konz.de\/wp-content\/uploads\/2023\/07\/20230712_102446-2-300x200.jpg 300w, https:\/\/konzequent.gymnasium-konz.de\/wp-content\/uploads\/2023\/07\/20230712_102446-2-150x100.jpg 150w, https:\/\/konzequent.gymnasium-konz.de\/wp-content\/uploads\/2023\/07\/20230712_102446-2-768x512.jpg 768w, https:\/\/konzequent.gymnasium-konz.de\/wp-content\/uploads\/2023\/07\/20230712_102446-2-1536x1024.jpg 1536w, https:\/\/konzequent.gymnasium-konz.de\/wp-content\/uploads\/2023\/07\/20230712_102446-2-2048x1365.jpg 2048w, https:\/\/konzequent.gymnasium-konz.de\/wp-content\/uploads\/2023\/07\/20230712_102446-2-90x60.jpg 90w, https:\/\/konzequent.gymnasium-konz.de\/wp-content\/uploads\/2023\/07\/20230712_102446-2-420x280.jpg 420w\" sizes=\"auto, (max-width: 2560px) 100vw, 2560px\" \/><\/figure>\n<\/figure>\n\n\n\n<p>Fotografisch wurde KONZequent unterst\u00fctzt von den Paparazzi (Projekt #24), die uns f\u00fcr die Projektdokumentation passendes Bildmaterial liefern. <\/p>\n","protected":false},"excerpt":{"rendered":"<p>Im Jahr 2023 feiert das Gymnasium Konz seinen 50. Geburtstag und KONZequent wird zehn! Grund genug, w\u00e4hrend der Projektwoche im Juli 2023 das Bloggen erneut &hellip; <\/p>\n","protected":false},"author":119,"featured_media":0,"parent":0,"menu_order":0,"comment_status":"closed","ping_status":"closed","template":"","meta":{"footnotes":""},"coauthors":[478],"class_list":["post-7993","page","type-page","status-publish","hentry"],"jetpack_sharing_enabled":true,"_links":{"self":[{"href":"https:\/\/konzequent.gymnasium-konz.de\/index.php?rest_route=\/wp\/v2\/pages\/7993","targetHints":{"allow":["GET"]}}],"collection":[{"href":"https:\/\/konzequent.gymnasium-konz.de\/index.php?rest_route=\/wp\/v2\/pages"}],"about":[{"href":"https:\/\/konzequent.gymnasium-konz.de\/index.php?rest_route=\/wp\/v2\/types\/page"}],"author":[{"embeddable":true,"href":"https:\/\/konzequent.gymnasium-konz.de\/index.php?rest_route=\/wp\/v2\/users\/119"}],"replies":[{"embeddable":true,"href":"https:\/\/konzequent.gymnasium-konz.de\/index.php?rest_route=%2Fwp%2Fv2%2Fcomments&post=7993"}],"version-history":[{"count":3,"href":"https:\/\/konzequent.gymnasium-konz.de\/index.php?rest_route=\/wp\/v2\/pages\/7993\/revisions"}],"predecessor-version":[{"id":9992,"href":"https:\/\/konzequent.gymnasium-konz.de\/index.php?rest_route=\/wp\/v2\/pages\/7993\/revisions\/9992"}],"wp:attachment":[{"href":"https:\/\/konzequent.gymnasium-konz.de\/index.php?rest_route=%2Fwp%2Fv2%2Fmedia&parent=7993"}],"wp:term":[{"taxonomy":"author","embeddable":true,"href":"https:\/\/konzequent.gymnasium-konz.de\/index.php?rest_route=%2Fwp%2Fv2%2Fcoauthors&post=7993"}],"curies":[{"name":"wp","href":"https:\/\/api.w.org\/{rel}","templated":true}]}}